{"id":22,"date":"2021-02-18T08:35:48","date_gmt":"2021-02-18T08:35:48","guid":{"rendered":"http:\/\/uusi.kulttuurisauna.fi\/?page_id=22"},"modified":"2026-05-02T13:33:41","modified_gmt":"2026-05-02T13:33:41","slug":"booking-form","status":"publish","type":"page","link":"https:\/\/kulttuurisauna.fi\/","title":{"rendered":"Booking Form"},"content":{"rendered":"\n<p class=\"has-text-align-center\">K  U  L  T  T  U  U  R  I  S  A  U  N  A<\/p>\n\n\n\n<p class=\"has-text-align-center\"><mark style=\"background-color:rgba(0, 0, 0, 0)\" class=\"has-inline-color has-black-color\">\u2668\ufe0e&nbsp;\u2668\ufe0e&nbsp;\u2668\ufe0e<\/mark><\/p>\n\n\n\n<p class=\"has-text-align-center\"><strong><mark style=\"background-color:rgba(0, 0, 0, 0)\" class=\"has-inline-color has-black-color\">KEV\u00c4TKES\u00c4N POIKKEUSAJAT<\/mark><\/strong><\/p>\n\n\n\n<p class=\"has-text-align-center\"><em><strong><mark style=\"background-color:rgba(0, 0, 0, 0)\" class=\"has-inline-color has-black-color\">SPRING\u2013SUMMER EXCEPTIONS\u00a0<\/mark><\/strong><\/em><\/p>\n\n\n\n<p class=\"has-text-align-center\"><strong>Ei aamuvuoroa  <em>No morning shifts<\/em>:<\/strong><\/p>\n\n\n\n<p class=\"has-text-align-center\"><mark style=\"background-color:rgba(0, 0, 0, 0);color:#ff0000\" class=\"has-inline-color\"><strong>pe 15.5., la 16.5., su 17.5., pe 22.5. ja la 23.5.<\/strong><\/mark><\/p>\n\n\n\n<p class=\"has-text-align-center\"><em><mark style=\"background-color:rgba(0, 0, 0, 0);color:#ff0000\" class=\"has-inline-color\"><strong>Fri 15th, Sat 16th, Sun 17th, Fri 22th and Sat 23th of May<\/strong><\/mark><\/em><\/p>\n\n\n\n<p class=\"has-text-align-center\"><strong><mark style=\"background-color:rgba(0, 0, 0, 0)\" class=\"has-inline-color has-black-color\">Sauna on kiinni <em>Sauna is closed<\/em>:<\/mark><\/strong><\/p>\n\n\n\n<p class=\"has-text-align-center\"><mark style=\"background-color:rgba(0, 0, 0, 0);color:#ff0000\" class=\"has-inline-color\"><strong>ke 10.6.\u2013to 18.6.<\/strong><\/mark><\/p>\n\n\n\n<p class=\"has-text-align-center\"><em><mark style=\"background-color:rgba(0, 0, 0, 0);color:#ff0000\" class=\"has-inline-color\"><strong>Wed 10th \u2013 Thu 18th June<\/strong><\/mark><\/em><\/p>\n\n\n\n<p class=\"has-text-align-center\"><mark style=\"background-color:rgba(0, 0, 0, 0)\" class=\"has-inline-color has-black-color\">\u2668\ufe0e\u00a0\u2668\ufe0e\u00a0\u2668\ufe0e<\/mark><\/p>\n\n\n\n<p class=\"has-text-align-center\"><mark style=\"background-color:rgba(0, 0, 0, 0);color:#909090\" class=\"has-inline-color\">Pyrimme vaalimaan saunarauhaa. <br>Emme vastaanota ryhmi\u00e4. <br>Yli kahden hengen seurue on ryhm\u00e4.<br>Jos tulet ensi kertaa, tule yksin.<br><br><em>We aim to keep the bath-peace.<\/em><br><em><em>No admission to groups.<\/em>&nbsp;<br>More than two people is considered a group.<\/em><br><em>If you are a first-time bather at Kulttuurisauna, we recommend to come alone.<\/em><\/mark><\/p>\n\n\n\n<p class=\"has-text-align-center\"><mark style=\"background-color:rgba(0, 0, 0, 0)\" class=\"has-inline-color has-black-color\">\u2668\ufe0e&nbsp;\u2668\ufe0e&nbsp;\u2668\ufe0e<\/mark><\/p>\n\n\n\n<p class=\"has-text-align-center\"><strong>AAMUVUORO<\/strong><br><strong>PE, LA &amp; SU: klo 8\u201311:30<\/strong>&nbsp;<br>(viimeinen sis\u00e4\u00e4notto 10:30)<br>Aamuvuorot ilman ajanvarausta.<\/p>\n\n\n\n<p class=\"has-text-align-center\"><strong>ILTAVUORO<\/strong><br><strong>KE\u2014SU: klo 16\u201320<\/strong>&nbsp;<br>(viimeinen sis\u00e4\u00e4notto 18:45)<br><strong>Saunominen ennakkovarauksella, <\/strong><br><strong>varauskalenteri alla.<\/strong><br><mark style=\"background-color:rgba(0, 0, 0, 0);color:#ff00e2\" class=\"has-inline-color\">HUOM: Perjantai-iltaisin <\/mark><br><mark style=\"background-color:rgba(0, 0, 0, 0);color:#ff00e2\" class=\"has-inline-color\">HILJAINEN SAUNAVUORO <br><\/mark>Ota mukaan oma pyyhe, <br>laudeliina, uima-asu sek\u00e4 vesipullo.&nbsp;<br>Ei lasipulloja tai omia alkoholijuomia.<\/p>\n\n\n\n<p class=\"has-text-align-center\"><em>\u2668\ufe0e&nbsp;\u2668\ufe0e&nbsp;\u2668\ufe0e<\/em><\/p>\n\n\n\n<p class=\"has-text-align-center\"><strong><em>MORNING SHIFT<\/em><\/strong><em><strong>S<\/strong><\/em><br><strong><em>FRI, SAT &amp; SUN: 8\u201311:30 am<\/em><\/strong>&nbsp;<br><em>(Last entry at 10:30)<\/em><br><em>No pre-booking, walk-ins<\/em>&nbsp;welcome!<\/p>\n\n\n\n<p class=\"has-text-align-center\"><strong><em>EVENING SHIF<\/em><\/strong><em><strong>TS<\/strong><\/em><br><strong><em>WED\u2013SUN: 4\u20138 pm<\/em><\/strong>&nbsp;<br><em>(Last entry at 18:45)<\/em><br><em><strong>Pre-booking is mandatory, <\/strong><\/em><br><em><strong>booking form below.<\/strong><\/em><br><em><mark style=\"background-color:rgba(0, 0, 0, 0);color:#ff5022\" class=\"has-inline-color\">NOTE: Friday evenings are <\/mark><\/em><br><em><mark style=\"background-color:rgba(0, 0, 0, 0);color:#ff5022\" class=\"has-inline-color\">SILENT SAUNA SHIFTS<\/mark><\/em><br><em>Please&nbsp;bring your own towel, <\/em><br><em>sitting towel and water bottle<\/em>&nbsp;<br>(plus a bathing suit if swimming)<\/p>\n\n\n<div class=\"wp-block-image\">\n<figure class=\"aligncenter is-resized\"><img loading=\"lazy\" decoding=\"async\" width=\"480\" height=\"640\" src=\"https:\/\/kulttuurisauna.fi\/wp-content\/uploads\/2021\/09\/photo.jpeg\" alt=\"\" class=\"wp-image-175\" style=\"width:445px;height:594px\" srcset=\"https:\/\/kulttuurisauna.fi\/wp-content\/uploads\/2021\/09\/photo.jpeg 480w, https:\/\/kulttuurisauna.fi\/wp-content\/uploads\/2021\/09\/photo-225x300.jpeg 225w\" sizes=\"auto, (max-width: 480px) 100vw, 480px\" \/><\/figure>\n<\/div>\n\n<p style=\"text-align: center;\"><em>\u00a0<\/em><\/p>\n<p><!-- \/wp:post-content --><\/p>\n<h2 style=\"text-align: center;\">V A R A A \u00a0\/ B O O K<\/h2>\n<div style=\"text-align: center;\">\n<p class=\"p1\"><span class=\"s1\">Saunavuoro on 90 min. <\/span><span class=\"s1\">Saunavaraus maksetaan paikan p\u00e4\u00e4lle saavuttaessa kassalla. Emme vastaanota k\u00e4teist\u00e4 rahaa.<\/span><\/p>\n<p class=\"p1\"><span class=\"s1\"><i>Duration of sauna reservation is 90 min. <\/i><\/span><span class=\"s1\"><i>Bookings are paid at the sauna upon arrival. <em>No cash accepted.<\/em><\/i><\/span><\/p>\n<\/div>\n<div style=\"text-align: center;\">Aikuinen \/ <em>Adults<\/em> 17 \u20ac<\/div>\n<div style=\"text-align: center;\">Opiskelija, el\u00e4kel\u00e4inen, ty\u00f6t\u00f6n \/ <em>Student, pensioner, unemployed<\/em>\u00a0 13 \u20ac\u00a0<\/div>\n<div style=\"text-align: center;\">Seitsem\u00e4n kerran sarjalippu \/ <em>Seven-entry ticket<\/em> 77 \u20ac<\/div>\n<p style=\"text-align: center;\"><!--noptimize-->\n        <script type=\"text\/javascript\">\n         var cp_hourbk_cancel_label = 'Cancel';\n         var cp_hourbk_quantity_label = 'Quantity';\n         var message_ffile_accept = 'Please upload a valid file type';         \n         var cp_hourbk_message_ffile_size = 'File size exceeds limit';\n         var cp_hourbk_cost_label = 'Cost';\n         var cp_hourbk_overlapping_label = 'Selected time is no longer available. Please select a different time.';\n         var cp_hourbk_nomore_label = 'No more slots available.';\n         var cp_hourbk_preselect = cp_hourbk_preselect || [];\n         cp_hourbk_preselect[\"_1\"] = '';\n         var cp_hourbk_cmpublic = true;\n         var cp_hourbk_avoid_overlapping = 0;         var apphboverbooking_handler0 = false;\n         function cp_appbooking_pform_doValidate_1(form)\n         { \n            $dexQuery = jQuery.noConflict();\n            try { document.cp_appbooking_pform_1.cp_ref_page.value = document.location; } catch (e) {}\n            $dexQuery = jQuery.noConflict();            {\n                var cpefb_error = 0;\n                $dexQuery(\"#cp_appbooking_pform_1\").find(\".cpefb_error\").each(function(index){\n                    if ($dexQuery(this).css(\"display\")!=\"none\")\n                        if ($dexQuery(this).html() != cp_hourbk_overlapping_label) cpefb_error++;  \n                    });                     \n                if (cpefb_error==0)\n                {            var email = '';\r\n            try{\r\n                var emfield = '#email';                          \r\n                email = $dexQuery(emfield+\"_1\").val();\r\n            } catch (e) {\r\n            }\r\n            try{\r\n               if (email == '')\r\n                   email = document.cp_appbooking_pform_1.email.value;\r\n            } catch (e) {\r\n            }\r\n            if (!(typeof email !== 'undefined') || email == '') email = '-';\r\n\t\t\tvar result = $dexQuery.ajax({\r\n\t\t\t\ttype: \"GET\",\r\n\t\t\t\turl:  \"https:\/\/kulttuurisauna.fi\",\r\n\t\t\t\tdata: {\r\n\t\t\t\t\tform: \"1\",\r\n                    sel: $dexQuery(\"#fieldname1_1\").val(), \r\n                    ahb_excl: $dexQuery(\"#ahb_edititem\").val(),\r\n\t\t\t\t\tcpapphb_validate_limits: email,\r\n                    nocache: Math.random()\r\n\t\t\t\t},\r\n\t\t\t\tasync: false\r\n\t\t\t}).responseText;\r\n\t\t\tif (result.indexOf(\"abcappexceeded\") != -1)\r\n\t\t\t{\r\n\t\t\t\talert('You may only book one (1) slot per day.');\r\n\t\t\t\treturn false;\r\n\t\t\t}           \r\n\t\tif (!apphboverbooking_handler0)\n                    {\n                        apphbblink_1(\".pbSubmit:visible\");\n                        $dexQuery(\"#cp_appbooking_pform_1\").find(\".avoid_overlapping_before\").not(\".ignore,.ignorepb\").each(function(){\n                            if ($dexQuery(this).parent().is(\":visible\")) $dexQuery(this).removeClass(\"avoid_overlapping_before\").removeClass(\"valid\").addClass(\"avoid_overlapping\");\n                        })\n                        cp_hourbk_avoid_overlapping = 1;\n                        try {\n                            $dexQuery(\"#cp_appbooking_pform_1\").find(\".avoid_overlapping\").valid();\n                        } catch (e) { cp_hourbk_avoid_overlapping = 0; }\n                        function check_cp_hourbk_avoid_overlapping(){\n\t\t                    if (cp_hourbk_avoid_overlapping>0)\n\t\t                        setTimeout(check_cp_hourbk_avoid_overlapping,100);\n\t\t                    else\n\t\t                    {\n                                var cpefb_error = 0;\n                                $dexQuery(\"#cp_appbooking_pform_1\").find(\".cpefb_error\").each(function(index){\n                                    if ($dexQuery(this).css(\"display\")!=\"none\")\n                                        cpefb_error++;    \n                                    });\n                                if (cpefb_error==0) if(!apphboverbooking_handler0)    \n                                {\n                                    apphboverbooking_handler0 = true;\n                                    if (cp_appbooking_pform_doValidate_1(form))\n                                        var $myPluginForm = $dexQuery(\"#cp_appbooking_pform_1\");\n                                        var $wooParent = $myPluginForm.closest('form.cart');\n                                        if ($wooParent.length > 0) {\n                                            $wooParent.find('.single_add_to_cart_button').click();\n                                            return true;\n                                        } else {\n                                            $myPluginForm[0].submit();\n                                        }  \n                                }\n\t\t                    }  \n\t\t                }\n\t\t                check_cp_hourbk_avoid_overlapping();\n                        return false;\n                    }                    \n\t        \t\t$dexQuery(\"#cp_appbooking_pform_1\").find( '.ignore' ).closest( '.fields' ).remove();\n\t        \t}\n                if (cpefb_error) return false;\n\t        \tdocument.getElementById(\"form_structure_1\").value = '';    \n\t        \tdocument.getElementById(\"refpage_1\").value = document.location;    \n                try { if (document.cp_appbooking_pform_1.cp_appbooking_pform_status.value != '0')\n                return false; } catch (e) {}\n                apphbblink_1(\".pbSubmit:visible\");\n                try { document.cp_appbooking_pform_1.cp_appbooking_pform_status.value = '1';\t } catch (e) {}\n                $dexQuery(document).trigger(\"beforeOnSubmitAhb\",{id:\"cp_appbooking_pform_1\"});\n                return true;\n            }  \n         }\n         function apphbblink_1(selector){\n             try {   \n                 $dexQuery = jQuery.noConflict();\n                 $dexQuery(selector).fadeOut(1000, function(){\n                     $dexQuery(this).fadeIn(1000, function(){\n                             try {                     \n                                 if (document.cp_appbooking_pform_1.cp_appbooking_pform_status.value != '0')\n                                     apphbblink_1(this);                                  \n                             } catch (e) {}  \n                     });\n                 });             \n             } catch (e) {}                 \n         }         \n         function cp_appbooking_cerror_1(){$dexQuery = jQuery.noConflict();$dexQuery(\"#hdcaptcha_error_1\").css('top',$dexQuery(\"#hdcaptcha_cp_appbooking_post_1\").outerHeight());$dexQuery(\"#hdcaptcha_error_1\").css(\"display\",\"inline\");}\n        <\/script><!--\/noptimize-->\n        <form autocomplete=\"off\" class=\"cpp_form no-prefetch\" name=\"cp_appbooking_pform_1\" id=\"cp_appbooking_pform_1\" action=\"\/?ahbnocache=207879\" method=\"post\" enctype=\"multipart\/form-data\" onsubmit=\"return cp_appbooking_pform_doValidate_1(this);\"><input type=\"hidden\" name=\"cp_pform_psequence\" value=\"_1\" \/><input type=\"hidden\" name=\"cp_appbooking_pform_process\" value=\"1\" \/><input type=\"hidden\" name=\"cp_appbooking_id\" value=\"1\" \/><input type=\"hidden\" name=\"cp_ref_page\" value=\"\" \/><input type=\"hidden\" name=\"form_structure_1\" id=\"form_structure_1\" size=\"180\" value=\"[[{&quot;form_identifier&quot;:&quot;&quot;,&quot;name&quot;:&quot;fieldname1&quot;,&quot;shortlabel&quot;:&quot;&quot;,&quot;index&quot;:0,&quot;ftype&quot;:&quot;fapp&quot;,&quot;userhelp&quot;:&quot;&quot;,&quot;userhelpTooltip&quot;:false,&quot;csslayout&quot;:&quot;&quot;,&quot;title&quot;:&quot;Valitse \\\/ Select&quot;,&quot;services&quot;:[{&quot;name&quot;:&quot;NAINEN \\\/ WOMAN&quot;,&quot;price&quot;:0,&quot;capacity&quot;:&quot;1&quot;,&quot;duration&quot;:&quot;5&quot;,&quot;pb&quot;:0,&quot;pa&quot;:0,&quot;ohindex&quot;:0,&quot;idx&quot;:1},{&quot;name&quot;:&quot;MIES \\\/ MAN&quot;,&quot;price&quot;:0,&quot;capacity&quot;:&quot;1&quot;,&quot;duration&quot;:&quot;5&quot;,&quot;pb&quot;:0,&quot;pa&quot;:0,&quot;ohindex&quot;:0,&quot;idx&quot;:2}],&quot;openhours&quot;:[],&quot;allOH&quot;:[{&quot;name&quot;:&quot;Default&quot;,&quot;openhours&quot;:[{&quot;type&quot;:&quot;all&quot;,&quot;d&quot;:&quot;&quot;,&quot;h1&quot;:&quot;16&quot;,&quot;m1&quot;:&quot;0&quot;,&quot;h2&quot;:&quot;18&quot;,&quot;m2&quot;:&quot;50&quot;},{&quot;type&quot;:&quot;special&quot;,&quot;d&quot;:&quot;2022-06-03&quot;,&quot;h1&quot;:&quot;16&quot;,&quot;m1&quot;:&quot;0&quot;,&quot;h2&quot;:&quot;20&quot;,&quot;m2&quot;:&quot;0&quot;},{&quot;type&quot;:&quot;special&quot;,&quot;d&quot;:&quot;2022-05-22&quot;,&quot;h1&quot;:8,&quot;m1&quot;:0,&quot;h2&quot;:&quot;11&quot;,&quot;m2&quot;:&quot;0&quot;},{&quot;type&quot;:&quot;special&quot;,&quot;d&quot;:&quot;2022-06-05&quot;,&quot;h1&quot;:&quot;16&quot;,&quot;m1&quot;:&quot;0&quot;,&quot;h2&quot;:&quot;20&quot;,&quot;m2&quot;:&quot;0&quot;},{&quot;type&quot;:&quot;special&quot;,&quot;d&quot;:&quot;2022-05-26&quot;,&quot;h1&quot;:&quot;16&quot;,&quot;m1&quot;:&quot;0&quot;,&quot;h2&quot;:&quot;20&quot;,&quot;m2&quot;:&quot;0&quot;},{&quot;type&quot;:&quot;special&quot;,&quot;d&quot;:&quot;2022-05-27&quot;,&quot;h1&quot;:&quot;16&quot;,&quot;m1&quot;:&quot;0&quot;,&quot;h2&quot;:&quot;20&quot;,&quot;m2&quot;:&quot;0&quot;},{&quot;type&quot;:&quot;special&quot;,&quot;d&quot;:&quot;2022-05-28&quot;,&quot;h1&quot;:&quot;16&quot;,&quot;m1&quot;:&quot;0&quot;,&quot;h2&quot;:&quot;20&quot;,&quot;m2&quot;:&quot;0&quot;},{&quot;type&quot;:&quot;special&quot;,&quot;d&quot;:&quot;2022-06-01&quot;,&quot;h1&quot;:&quot;16&quot;,&quot;m1&quot;:&quot;0&quot;,&quot;h2&quot;:&quot;20&quot;,&quot;m2&quot;:&quot;0&quot;},{&quot;type&quot;:&quot;special&quot;,&quot;d&quot;:&quot;2022-06-02&quot;,&quot;h1&quot;:&quot;16&quot;,&quot;m1&quot;:&quot;0&quot;,&quot;h2&quot;:&quot;20&quot;,&quot;m2&quot;:&quot;0&quot;}]},{&quot;name&quot;:&quot;Special&quot;,&quot;openhours&quot;:[{&quot;type&quot;:&quot;special&quot;,&quot;d&quot;:&quot;2022-05-22&quot;,&quot;h1&quot;:8,&quot;m1&quot;:0,&quot;h2&quot;:&quot;11&quot;,&quot;m2&quot;:&quot;0&quot;}]}],&quot;dateFormat&quot;:&quot;d M, y&quot;,&quot;showDropdown&quot;:false,&quot;showTotalCost&quot;:false,&quot;showTotalCostFormat&quot;:&quot;$ {0}&quot;,&quot;showEndTime&quot;:false,&quot;showQuantity&quot;:false,&quot;usedSlotsCheckbox&quot;:true,&quot;avoidOverlaping&quot;:false,&quot;emptySelectCheckbox&quot;:true,&quot;emptySelect&quot;:&quot;-- Make a choice  --&quot;,&quot;dropdownRange&quot;:&quot;-10:+10&quot;,&quot;working_dates&quot;:[true,false,false,true,true,true,true],&quot;numberOfMonths&quot;:&quot;1&quot;,&quot;maxNumberOfApp&quot;:&quot;1&quot;,&quot;firstDay&quot;:&quot;1&quot;,&quot;minDate&quot;:&quot;0&quot;,&quot;maxDate&quot;:&quot;14&quot;,&quot;defaultDate&quot;:&quot;&quot;,&quot;invalidDates&quot;:&quot;12\\\/25\\\/2021, 12\\\/27\\\/2021, 12\\\/02\\\/2021, 12\\\/28\\\/2021, 12\\\/29\\\/2021, 05\\\/24\\\/2022, 05\\\/15\\\/2022 - 05\\\/20\\\/2022 , 05\\\/15\\\/2022&quot;,&quot;tmpinvalidDates&quot;:[{},{},{},{},{},{},{},{},{},{},{},{},{}],&quot;required&quot;:true,&quot;bSlotsCheckbox&quot;:true,&quot;bSlots&quot;:&quot;30&quot;,&quot;militaryTime&quot;:1,&quot;autonum&quot;:2,&quot;autonumStaff&quot;:0,&quot;fBuild&quot;:{},&quot;special_days&quot;:[&quot;2022-06-03&quot;,&quot;2022-05-22&quot;,&quot;2022-06-05&quot;,&quot;2022-05-26&quot;,&quot;2022-05-27&quot;,&quot;2022-05-28&quot;,&quot;2022-06-01&quot;,&quot;2022-06-02&quot;],&quot;minDateTmp&quot;:&quot;0&quot;,&quot;getMinDate&quot;:{},&quot;tmpinvalidDatestime&quot;:[1640383200000,1640556000000,1638396000000,1640642400000,1640728800000,1653339600000,1652562000000,1652648400000,1652734800000,1652821200000,1652907600000,1652994000000,1652562000000]},{&quot;form_identifier&quot;:&quot;&quot;,&quot;name&quot;:&quot;email&quot;,&quot;shortlabel&quot;:&quot;&quot;,&quot;index&quot;:1,&quot;ftype&quot;:&quot;femail&quot;,&quot;userhelp&quot;:&quot;&quot;,&quot;userhelpTooltip&quot;:false,&quot;csslayout&quot;:&quot;&quot;,&quot;title&quot;:&quot;Email&quot;,&quot;predefined&quot;:&quot;&quot;,&quot;predefinedClick&quot;:false,&quot;required&quot;:true,&quot;size&quot;:&quot;medium&quot;,&quot;equalTo&quot;:&quot;&quot;,&quot;fBuild&quot;:{}},{&quot;form_identifier&quot;:&quot;&quot;,&quot;name&quot;:&quot;fieldname4&quot;,&quot;shortlabel&quot;:&quot;&quot;,&quot;index&quot;:2,&quot;ftype&quot;:&quot;fCommentArea&quot;,&quot;userhelp&quot;:&quot;&quot;,&quot;userhelpTooltip&quot;:false,&quot;csslayout&quot;:&quot;&quot;,&quot;title&quot;:&quot;&quot;,&quot;fBuild&quot;:{}},{&quot;form_identifier&quot;:&quot;&quot;,&quot;name&quot;:&quot;fieldname2&quot;,&quot;shortlabel&quot;:&quot;name&quot;,&quot;index&quot;:3,&quot;ftype&quot;:&quot;ftext&quot;,&quot;userhelp&quot;:&quot;&quot;,&quot;userhelpTooltip&quot;:false,&quot;csslayout&quot;:&quot;&quot;,&quot;title&quot;:&quot;Name \\\/ Alias&quot;,&quot;predefined&quot;:&quot;&quot;,&quot;predefinedClick&quot;:false,&quot;required&quot;:true,&quot;size&quot;:&quot;medium&quot;,&quot;minlength&quot;:&quot;&quot;,&quot;maxlength&quot;:&quot;&quot;,&quot;equalTo&quot;:&quot;&quot;,&quot;fBuild&quot;:{}},{&quot;form_identifier&quot;:&quot;&quot;,&quot;name&quot;:&quot;fieldname5&quot;,&quot;shortlabel&quot;:&quot;&quot;,&quot;index&quot;:4,&quot;ftype&quot;:&quot;fhidden&quot;,&quot;userhelp&quot;:&quot;&quot;,&quot;userhelpTooltip&quot;:false,&quot;csslayout&quot;:&quot;&quot;,&quot;title&quot;:&quot;Hidden&quot;,&quot;predefined&quot;:&quot;&quot;,&quot;fBuild&quot;:{}}],[{&quot;title&quot;:&quot;&quot;,&quot;description&quot;:&quot;&quot;,&quot;formlayout&quot;:&quot;top_aligned&quot;,&quot;formtemplate&quot;:&quot;&quot;,&quot;evalequations&quot;:1,&quot;autocomplete&quot;:1,&quot;autofocus&quot;:false}]]\" \/><input type=\"hidden\" name=\"refpage_1\" id=\"refpage_1\" value=\"\"><input type=\"hidden\" name=\"cp_appbooking_pform_status\" value=\"0\" \/><input name=\"anonce\" type=\"hidden\" value=\"5a281d93f9\"\/><div id=\"fbuilder\">    \r\n    <div id=\"fbuilder_1\">\r\n        <div id=\"formheader_1\"><\/div>\r\n        <div id=\"fieldlist_1\"><\/div>\r\n    <\/div>\r\n<\/div>    \r\n<div style=\"display:none\">\r\n<div id=\"cpcaptchalayer_1\" class=\"cpcaptchalayer\">\r\n <div class=\"fields\" id=\"field-c0\" style=\"display:none\">    \r\n    <div class=\"dfield\"><!--addons-payment-options--><\/div>\r\n    <div class=\"clearer\"><\/div>\r\n <\/div><!--addons-payment-fields-->\r\n<!-- rcadon -->\r\n<\/div>\r\n<\/div>\r\n<div id=\"cp_subbtn_1\" class=\"cp_subbtn\">Vahvista \/ Confirm<\/div>\r\n<div style=\"clear:both;\"><\/div>\r\n<\/form>\r\n<\/p>\n<p style=\"text-align: center;\"><em>\u2668\ufe0e\u00a0<\/em><em>\u2668\ufe0e\u00a0<\/em><em>\u2668\ufe0e<\/em><\/p>\n<p style=\"text-align: center;\"><!-- wp:paragraph --><\/p>\n<p style=\"text-align: center;\"><!-- \/wp:paragraph --><\/p>\n<p style=\"text-align: center;\"><!-- wp:paragraph --><\/p>\n<p style=\"text-align: center;\"><!-- \/wp:paragraph --><\/p>\n<p style=\"text-align: center;\"><!-- wp:paragraph --><\/p>\n<p style=\"text-align: center;\"><!-- \/wp:paragraph --><\/p>\n<p style=\"text-align: center;\"><!-- wp:paragraph --><\/p>\n<p style=\"text-align: center;\"><!-- \/wp:paragraph --><\/p>\n<p style=\"text-align: center;\"><!-- wp:paragraph --><\/p>\n<p style=\"text-align: center;\"><!-- \/wp:paragraph --><\/p>\n<p style=\"text-align: center;\"><!-- wp:paragraph --><\/p>\n<p style=\"text-align: center;\"><!-- \/wp:paragraph --><\/p>\n<p style=\"text-align: center;\"><!-- wp:paragraph --><\/p>\n<p style=\"text-align: center;\"><!-- \/wp:paragraph --><\/p>\n<p style=\"text-align: center;\"><!-- wp:paragraph --><\/p>\n<p style=\"text-align: center;\"><!-- \/wp:paragraph --><\/p>\n<p style=\"text-align: center;\"><!-- wp:paragraph --><\/p>\n<p style=\"text-align: center;\"><!-- \/wp:paragraph --><\/p>\n<p style=\"text-align: center;\"><!-- wp:paragraph --><\/p>\n<p style=\"text-align: center;\"><!-- \/wp:paragraph --><\/p>\n<p style=\"text-align: center;\"><!-- wp:paragraph --><\/p>\n<p style=\"text-align: center;\"><!-- \/wp:paragraph --><\/p>\n<p style=\"text-align: center;\"><!-- wp:paragraph --><\/p>\n<p style=\"text-align: center;\"><!-- \/wp:paragraph --><\/p>\n<p style=\"text-align: center;\"><!-- wp:paragraph --><\/p>\n<p style=\"text-align: center;\"><!-- \/wp:paragraph --><\/p>\n<p style=\"text-align: center;\"><!-- wp:paragraph --><\/p>\n<p><!-- \/wp:paragraph --><\/p>\n<p><!-- wp:paragraph --><\/p>\n<p><!-- \/wp:paragraph --><\/p>\n<p><!-- wp:paragraph --><\/p>\n<p><!-- \/wp:paragraph --><\/p>\n<p><!-- wp:paragraph --><\/p>\n<p><!-- \/wp:paragraph --><\/p>\n<p><!-- wp:paragraph --><\/p>\n<p><!-- \/wp:paragraph --><\/p>\n<p><!-- wp:paragraph --><\/p>\n<p><!-- \/wp:paragraph --><\/p>\n<p><!-- wp:paragraph --><\/p>\n<p class=\"p1\" style=\"text-align: center;\"><span class=\"s1\">Kulttuurisauna on vuonna 2013 perustettu puu- ja pellettil\u00e4mmitteinen yleinen sauna, auki ymp\u00e4ri vuoden. Uimamahdollisuus meress\u00e4, talvella avanto. Varauskalenteri n\u00e4ytt\u00e4\u00e4 varattavissa olevat kylpyajat kaksi viikkoa eteenp\u00e4in.<\/span><\/p>\n<p class=\"p1\" style=\"text-align: center;\"><span class=\"s1\">Kunnioita saunarauhaa &#8211; omat keskustelut pihalla, meress\u00e4 tai salongissa, ei lauteilla. <br \/>Hiljaiset saunavuorot ovat\u00a0 perjantai-iltaisin.<\/span><\/p>\n<p style=\"text-align: center;\">L\u00e4himm\u00e4t parkkipaikat autoille Merihaan maksullisilla vieraspaikoilla, Haapaniemenkatu 11 kohdalla, kannen alla.<\/p>\n<p class=\"p1\" style=\"text-align: center;\"><span class=\"s1\"><i>Kulttuurisauna is a public sauna established in 2013 with a wood-heated single-fired mass stove, open year-around. The booking calendar shows the bathing times available two weeks ahead. <\/i><\/span><\/p>\n<p class=\"p1\" style=\"text-align: center;\"><span class=\"s1\"><i>Respect the bath-peace, saunarauha, by having private discussions in the salon, atrium or the sea, not in the sauna. Silent shifts are on Friday evenings.<\/i><\/span><\/p>\n<p><!-- \/wp:paragraph --><\/p>\n<p><!-- wp:paragraph --><\/p>\n<p><!-- \/wp:paragraph --><\/p>\n<p style=\"text-align: center;\"><em>Nearest parking in Merihaka, <br \/>under the deck near Haapaniemenkatu 11 <br \/>(parking subject to a charge, follow instructions).<\/em><\/p>\n<p><img loading=\"lazy\" decoding=\"async\" class=\"alignnone size-medium wp-image-279 aligncenter\" src=\"https:\/\/kulttuurisauna.fi\/wp-content\/uploads\/2022\/09\/matchbox_sauna-300x192.jpeg\" alt=\"\" width=\"300\" height=\"192\" srcset=\"https:\/\/kulttuurisauna.fi\/wp-content\/uploads\/2022\/09\/matchbox_sauna-300x192.jpeg 300w, https:\/\/kulttuurisauna.fi\/wp-content\/uploads\/2022\/09\/matchbox_sauna-768x492.jpeg 768w, https:\/\/kulttuurisauna.fi\/wp-content\/uploads\/2022\/09\/matchbox_sauna.jpeg 1006w\" sizes=\"auto, (max-width: 300px) 100vw, 300px\" \/><\/p>\n<\/p>\n<p><!-- \/wp:paragraph --><\/p>\n<p><!-- wp:paragraph --><\/p>\n<p><!-- \/wp:paragraph --><\/p>\n<p><!-- wp:paragraph --><\/p>\n<p><!-- \/wp:paragraph --><\/p>","protected":false},"excerpt":{"rendered":"<p>K U L T T U U R I S A U N A \u2668\ufe0e&nbsp;\u2668\ufe0e&nbsp;\u2668\ufe0e KEV\u00c4TKES\u00c4N POIKKEUSAJAT SPRING\u2013SUMMER EXCEPTIONS\u00a0 Ei aamuvuoroa No morning shifts: pe 15.5., la 16.5., su 17.5., pe 22.5. ja la 23.5. Fri 15th, Sat 16th, Sun 17th, Fri 22th and Sat 23th of May Sauna on kiinni Sauna is closed: ke&hellip; <a class=\"more-link\" href=\"https:\/\/kulttuurisauna.fi\/\">Continue reading <span class=\"screen-reader-text\">Booking Form<\/span><\/a><\/p>\n","protected":false},"author":1,"featured_media":0,"parent":0,"menu_order":0,"comment_status":"closed","ping_status":"closed","template":"","meta":{"footnotes":""},"class_list":["post-22","page","type-page","status-publish","hentry","entry"],"_links":{"self":[{"href":"https:\/\/kulttuurisauna.fi\/index.php?rest_route=\/wp\/v2\/pages\/22","targetHints":{"allow":["GET"]}}],"collection":[{"href":"https:\/\/kulttuurisauna.fi\/index.php?rest_route=\/wp\/v2\/pages"}],"about":[{"href":"https:\/\/kulttuurisauna.fi\/index.php?rest_route=\/wp\/v2\/types\/page"}],"author":[{"embeddable":true,"href":"https:\/\/kulttuurisauna.fi\/index.php?rest_route=\/wp\/v2\/users\/1"}],"replies":[{"embeddable":true,"href":"https:\/\/kulttuurisauna.fi\/index.php?rest_route=%2Fwp%2Fv2%2Fcomments&post=22"}],"version-history":[{"count":262,"href":"https:\/\/kulttuurisauna.fi\/index.php?rest_route=\/wp\/v2\/pages\/22\/revisions"}],"predecessor-version":[{"id":500,"href":"https:\/\/kulttuurisauna.fi\/index.php?rest_route=\/wp\/v2\/pages\/22\/revisions\/500"}],"wp:attachment":[{"href":"https:\/\/kulttuurisauna.fi\/index.php?rest_route=%2Fwp%2Fv2%2Fmedia&parent=22"}],"curies":[{"name":"wp","href":"https:\/\/api.w.org\/{rel}","templated":true}]}}